{"id":18,"date":"2020-02-26T21:52:29","date_gmt":"2020-02-26T20:52:29","guid":{"rendered":"https:\/\/ttc.zimdars.net\/?page_id=18"},"modified":"2024-10-05T09:44:46","modified_gmt":"2024-10-05T07:44:46","slug":"ttc","status":"publish","type":"page","link":"https:\/\/mytrucktransfer.eu\/","title":{"rendered":"Startseite"},"content":{"rendered":"\n<p class=\"has-medium-font-size\"><strong>TTC Truck Transfer Complete GmbH &amp; Co. KG<\/strong><\/p>\n\n\n\n<p class=\"has-medium-font-size\"><strong><mark style=\"background-color:rgba(0, 0, 0, 0);color:#158300\" class=\"has-inline-color\"><a href=\"https:\/\/truckordermanager.de\/Kundenzugang\/KundenTransportAnfrage.aspx\" target=\"_blank\" rel=\"noopener ugc\" title=\"\">Link -> Unverbindliche Transportanfrage<\/a><\/mark><\/strong><\/p>\n\n\n\n<p><strong>Wir als unabh\u00e4ngiger Fuhrparkdienstleister sind der Partner f\u00fcr Ihre Aufgaben!<\/strong><\/p>\n\n\n\n<p>Die Firma TTC Truck Transfer Complete GmbH &amp; Co. KG als Fuhrparkdienstleister organisiert f\u00fcr Sie alle Aufgaben im Bereich der Fahrzeugdienstleistungen. <\/p>\n\n\n\n<p>Wir erledigen p\u00fcnktlich und zuverl\u00e4ssig Ihre beauftragte PKW oder LKW \u00dcberf\u00fchrung im Bundesgebiet und Europaweit sowie auf Wunsch weitere Dienstleistungen aus dem Bereich Fuhrparkmanagement und Fahrzeugservice. <\/p>\n\n\n\n<p>Damit wird aus vielen kleinen Aufgaben die kompetente Gesamt L\u00f6sung.<\/p>\n\n\n\n<p><\/p>\n\n\n\n<p><strong>Ihr kompetenter Partner im Bereich LKW und PKW Dienstleistungen.<\/strong><\/p>\n\n\n\n<p><strong><a href=\"http:\/\/www.mytrucktransfer.de\" data-type=\"URL\" data-id=\"www.mytrucktransfer.de\" target=\"_blank\" rel=\"noreferrer noopener\">www.mytrucktransfer.de<\/a><\/strong><\/p>\n\n\n\n<p><a rel=\"noreferrer noopener\" href=\"http:\/\/www.mytrucktransfer.eu\" data-type=\"URL\" data-id=\"www.mytrucktransfer.eu\" target=\"_blank\">www.mytrucktransfer.eu<\/a><\/p>\n\n\n\n<p><a href=\"http:\/\/www.mytrucktransfer.eu\">www.lkw\u00fcberf\u00fchrung.com<\/a><\/p>\n\n\n\n<p><a rel=\"noreferrer noopener\" href=\"http:\/\/www.mytrucktransfer.eu\" data-type=\"URL\" data-id=\"www.mytrucktransfer.eu\" target=\"_blank\">www.lkwueberfuehrung.com<\/a><\/p>\n\n\n\n<p><\/p>\n","protected":false},"excerpt":{"rendered":"<p>TTC Truck Transfer Complete GmbH &amp; Co. KG Link -> Unverbindliche Transportanfrage Wir als unabh\u00e4ngiger Fuhrparkdienstleister sind der Partner f\u00fcr&hellip;<\/p>\n","protected":false},"author":1,"featured_media":0,"parent":0,"menu_order":0,"comment_status":"closed","ping_status":"closed","template":"","meta":{"ngg_post_thumbnail":0,"footnotes":""},"class_list":["post-18","page","type-page","status-publish","hentry"],"_links":{"self":[{"href":"https:\/\/mytrucktransfer.eu\/index.php\/wp-json\/wp\/v2\/pages\/18","targetHints":{"allow":["GET"]}}],"collection":[{"href":"https:\/\/mytrucktransfer.eu\/index.php\/wp-json\/wp\/v2\/pages"}],"about":[{"href":"https:\/\/mytrucktransfer.eu\/index.php\/wp-json\/wp\/v2\/types\/page"}],"author":[{"embeddable":true,"href":"https:\/\/mytrucktransfer.eu\/index.php\/wp-json\/wp\/v2\/users\/1"}],"replies":[{"embeddable":true,"href":"https:\/\/mytrucktransfer.eu\/index.php\/wp-json\/wp\/v2\/comments?post=18"}],"version-history":[{"count":16,"href":"https:\/\/mytrucktransfer.eu\/index.php\/wp-json\/wp\/v2\/pages\/18\/revisions"}],"predecessor-version":[{"id":557,"href":"https:\/\/mytrucktransfer.eu\/index.php\/wp-json\/wp\/v2\/pages\/18\/revisions\/557"}],"wp:attachment":[{"href":"https:\/\/mytrucktransfer.eu\/index.php\/wp-json\/wp\/v2\/media?parent=18"}],"curies":[{"name":"wp","href":"https:\/\/api.w.org\/{rel}","templated":true}]}}