{"id":31,"date":"2020-02-26T22:07:42","date_gmt":"2020-02-26T21:07:42","guid":{"rendered":"https:\/\/ttc.zimdars.net\/?page_id=31"},"modified":"2024-03-20T11:01:27","modified_gmt":"2024-03-20T10:01:27","slug":"ueber-uns","status":"publish","type":"page","link":"https:\/\/mytrucktransfer.eu\/index.php\/ueber-uns\/","title":{"rendered":"\u00dcber Uns"},"content":{"rendered":"\n<p>Die Firma TTC Truck Transfer Complete GmbH &amp; Co. KG ist ein junges Unternehmen spezialisiert auf Fahrzeugmanagement, Fuhrparkservice und europaweite Kraftfahrzeug \u00dcberf\u00fchrungen.<\/p>\n\n\n\n<p>Gesch\u00e4ftsf\u00fchrer Andreas Gassner ist seit 25 Jahren in der Branche t\u00e4tig.<\/p>\n\n\n\n<p>Die langj\u00e4hrige Erfahrung b\u00fcndeln ein&nbsp;hohes Ma\u00df an Fachwissen mit Zuverl\u00e4ssigkeit.<\/p>\n\n\n\n<p>Gesch\u00e4ftsf\u00fchrung und Disposition<\/p>\n\n\n\n<figure class=\"wp-block-image is-resized\"><img loading=\"lazy\" decoding=\"async\" width=\"1024\" height=\"1004\" src=\"http:\/\/holledauer.com\/wp-content\/uploads\/2020\/02\/Bild-Monchi-1024x1004.jpg\" alt=\"\" class=\"wp-image-59\" style=\"width:270px;height:265px\"\/><\/figure>\n\n\n\n<p><\/p>\n","protected":false},"excerpt":{"rendered":"<p>Die Firma TTC Truck Transfer Complete GmbH &amp; Co. KG ist ein junges Unternehmen spezialisiert auf Fahrzeugmanagement, Fuhrparkservice und europaweite&hellip;<\/p>\n","protected":false},"author":1,"featured_media":0,"parent":0,"menu_order":0,"comment_status":"closed","ping_status":"closed","template":"","meta":{"ngg_post_thumbnail":0,"footnotes":""},"class_list":["post-31","page","type-page","status-publish","hentry"],"_links":{"self":[{"href":"https:\/\/mytrucktransfer.eu\/index.php\/wp-json\/wp\/v2\/pages\/31","targetHints":{"allow":["GET"]}}],"collection":[{"href":"https:\/\/mytrucktransfer.eu\/index.php\/wp-json\/wp\/v2\/pages"}],"about":[{"href":"https:\/\/mytrucktransfer.eu\/index.php\/wp-json\/wp\/v2\/types\/page"}],"author":[{"embeddable":true,"href":"https:\/\/mytrucktransfer.eu\/index.php\/wp-json\/wp\/v2\/users\/1"}],"replies":[{"embeddable":true,"href":"https:\/\/mytrucktransfer.eu\/index.php\/wp-json\/wp\/v2\/comments?post=31"}],"version-history":[{"count":33,"href":"https:\/\/mytrucktransfer.eu\/index.php\/wp-json\/wp\/v2\/pages\/31\/revisions"}],"predecessor-version":[{"id":550,"href":"https:\/\/mytrucktransfer.eu\/index.php\/wp-json\/wp\/v2\/pages\/31\/revisions\/550"}],"wp:attachment":[{"href":"https:\/\/mytrucktransfer.eu\/index.php\/wp-json\/wp\/v2\/media?parent=31"}],"curies":[{"name":"wp","href":"https:\/\/api.w.org\/{rel}","templated":true}]}}